{"id":6,"date":"2023-04-26T15:41:57","date_gmt":"2023-04-26T15:41:57","guid":{"rendered":"https:\/\/test.xn--katuseplekitd-tmba.ee\/?page_id=6"},"modified":"2024-02-15T10:20:23","modified_gmt":"2024-02-15T10:20:23","slug":"home","status":"publish","type":"page","link":"https:\/\/xn--katuseplekitd-tmba.ee\/","title":{"rendered":""},"content":{"rendered":"\n<div class=\"wp-block-cover alignfull is-light\" style=\"min-height:700px;aspect-ratio:unset;\"><span aria-hidden=\"true\" class=\"wp-block-cover__background has-background-dim\"><\/span><img loading=\"lazy\" decoding=\"async\" width=\"1812\" height=\"1103\" class=\"wp-block-cover__image-background wp-image-32\" alt=\"\" src=\"https:\/\/test.xn--katuseplekitd-tmba.ee\/wp-content\/uploads\/2023\/04\/roof1.jpg\" data-object-fit=\"cover\" srcset=\"https:\/\/xn--katuseplekitd-tmba.ee\/wp-content\/uploads\/2023\/04\/roof1.jpg 1812w, https:\/\/xn--katuseplekitd-tmba.ee\/wp-content\/uploads\/2023\/04\/roof1-300x183.jpg 300w, https:\/\/xn--katuseplekitd-tmba.ee\/wp-content\/uploads\/2023\/04\/roof1-1024x623.jpg 1024w, https:\/\/xn--katuseplekitd-tmba.ee\/wp-content\/uploads\/2023\/04\/roof1-768x467.jpg 768w, https:\/\/xn--katuseplekitd-tmba.ee\/wp-content\/uploads\/2023\/04\/roof1-1536x935.jpg 1536w\" sizes=\"auto, (max-width: 1812px) 100vw, 1812px\" \/><div class=\"wp-block-cover__inner-container is-layout-flow wp-block-cover-is-layout-flow\">\n<div style=\"height:80px\" aria-hidden=\"true\" class=\"wp-block-spacer\"><\/div>\n\n\n\n<h1 class=\"wp-block-heading has-text-align-center has-nv-site-bg-color has-text-color\"><strong>Katuse Plekit\u00f6\u00f6de O\u00dc<\/strong><\/h1>\n\n\n\n<p class=\"has-text-align-center has-nv-site-bg-color has-text-color\" style=\"font-size:26px\">Plekkkatuse paigaldus, vihmavees\u00fcsteemide paigaldus kui ka plekist aknalaudade paigaldus<\/p>\n\n\n\n<div class=\"wp-block-buttons is-content-justification-center is-layout-flex wp-container-core-buttons-is-layout-16018d1d wp-block-buttons-is-layout-flex\">\n<div class=\"wp-block-button is-style-primary\"><a class=\"wp-block-button__link wp-element-button\" href=\"https:\/\/xn--katuseplekitd-tmba.ee\/?page_id=8\">KONTAKT<\/a><\/div>\n\n\n\n<div class=\"wp-block-button is-style-default\"><a class=\"wp-block-button__link wp-element-button\" href=\"https:\/\/xn--katuseplekitd-tmba.ee\/?page_id=45\">TEHTUD T\u00d6\u00d6D<\/a><\/div>\n<\/div>\n\n\n\n<div style=\"height:80px\" aria-hidden=\"true\" class=\"wp-block-spacer\"><\/div>\n\n\n\n<div style=\"height:80px\" aria-hidden=\"true\" class=\"wp-block-spacer\"><\/div>\n\n\n\n<p><\/p>\n<\/div><\/div>\n\n\n\n<div class=\"wp-block-cover alignfull\" style=\"min-height:600px;aspect-ratio:unset;\"><span aria-hidden=\"true\" class=\"wp-block-cover__background has-neve-text-color-background-color has-background-dim-100 has-background-dim\"><\/span><div class=\"wp-block-cover__inner-container is-layout-flow wp-block-cover-is-layout-flow\">\n<div class=\"wp-block-group\"><div class=\"wp-block-group__inner-container is-layout-flow wp-block-group-is-layout-flow\">\n<div style=\"height:80px\" aria-hidden=\"true\" class=\"wp-block-spacer\"><\/div>\n\n\n\n<div class=\"wp-block-columns are-vertically-aligned-center is-layout-flex wp-container-core-columns-is-layout-9d6595d7 wp-block-columns-is-layout-flex\">\n<div class=\"wp-block-column is-vertically-aligned-center is-layout-flow wp-block-column-is-layout-flow\" style=\"flex-basis:50%\">\n<figure class=\"wp-block-image size-full\"><img loading=\"lazy\" decoding=\"async\" width=\"512\" height=\"512\" src=\"https:\/\/test.xn--katuseplekitd-tmba.ee\/wp-content\/uploads\/2023\/04\/cropped-cropped-KATUSE-LOGO.jpg\" alt=\"\" class=\"wp-image-28\" srcset=\"https:\/\/xn--katuseplekitd-tmba.ee\/wp-content\/uploads\/2023\/04\/cropped-cropped-KATUSE-LOGO.jpg 512w, https:\/\/xn--katuseplekitd-tmba.ee\/wp-content\/uploads\/2023\/04\/cropped-cropped-KATUSE-LOGO-300x300.jpg 300w, https:\/\/xn--katuseplekitd-tmba.ee\/wp-content\/uploads\/2023\/04\/cropped-cropped-KATUSE-LOGO-150x150.jpg 150w, https:\/\/xn--katuseplekitd-tmba.ee\/wp-content\/uploads\/2023\/04\/cropped-cropped-KATUSE-LOGO-270x270.jpg 270w, https:\/\/xn--katuseplekitd-tmba.ee\/wp-content\/uploads\/2023\/04\/cropped-cropped-KATUSE-LOGO-192x192.jpg 192w, https:\/\/xn--katuseplekitd-tmba.ee\/wp-content\/uploads\/2023\/04\/cropped-cropped-KATUSE-LOGO-180x180.jpg 180w, https:\/\/xn--katuseplekitd-tmba.ee\/wp-content\/uploads\/2023\/04\/cropped-cropped-KATUSE-LOGO-32x32.jpg 32w\" sizes=\"auto, (max-width: 512px) 100vw, 512px\" \/><\/figure>\n<\/div>\n\n\n\n<div class=\"wp-block-column is-vertically-aligned-center is-layout-flow wp-block-column-is-layout-flow\" style=\"flex-basis:50%\">\n<div style=\"height:40px\" aria-hidden=\"true\" class=\"wp-block-spacer\"><\/div>\n\n\n\n<h2 class=\"wp-block-heading has-text-align-left has-nv-text-dark-bg-color has-text-color\">Firmast<\/h2>\n\n\n\n<p class=\"has-text-align-left has-nv-text-dark-bg-color has-text-color\" style=\"font-size:17px\">Katuse Plekit\u00f6\u00f6de O\u00dc alustas tegevust aastal 2011. Firma tegeleb erinevate plekit\u00f6\u00f6dega nagu n\u00e4iteks plekkkatuse paigaldus, vihmavees\u00fcsteemide paigaldus kui ka plekist aknalaudade paigaldamisega. L\u00e4hema vaate saate tegemiste kohta Teenuste lehelt.<\/p>\n\n\n\n<div class=\"wp-block-buttons is-content-justification-left is-layout-flex wp-container-core-buttons-is-layout-fdcfc74e wp-block-buttons-is-layout-flex\">\n<div class=\"wp-block-button is-style-primary\"><a class=\"wp-block-button__link wp-element-button\" href=\"https:\/\/xn--katuseplekitd-tmba.ee\/?page_id=8\">KONTAKT<\/a><\/div>\n<\/div>\n<\/div>\n<\/div>\n\n\n\n<div style=\"height:40px\" aria-hidden=\"true\" class=\"wp-block-spacer\"><\/div>\n<\/div><\/div>\n<\/div><\/div>\n\n\n\n<div class=\"wp-block-cover alignfull\" style=\"min-height:600px;aspect-ratio:unset;\"><span aria-hidden=\"true\" class=\"wp-block-cover__background has-nv-light-bg-background-color has-background-dim-100 has-background-dim\"><\/span><div class=\"wp-block-cover__inner-container is-layout-flow wp-block-cover-is-layout-flow\">\n<div class=\"wp-block-group\"><div class=\"wp-block-group__inner-container is-layout-flow wp-block-group-is-layout-flow\">\n<div style=\"height:80px\" aria-hidden=\"true\" class=\"wp-block-spacer\"><\/div>\n\n\n\n<div class=\"wp-block-columns are-vertically-aligned-center is-layout-flex wp-container-core-columns-is-layout-9d6595d7 wp-block-columns-is-layout-flex\">\n<div class=\"wp-block-column is-vertically-aligned-center is-layout-flow wp-block-column-is-layout-flow\" style=\"flex-basis:50%\">\n<figure class=\"wp-block-image size-full\"><img loading=\"lazy\" decoding=\"async\" width=\"512\" height=\"350\" src=\"https:\/\/test.xn--katuseplekitd-tmba.ee\/wp-content\/uploads\/2023\/04\/unnamed-file-1.jpg\" alt=\"\" class=\"wp-image-60\" srcset=\"https:\/\/xn--katuseplekitd-tmba.ee\/wp-content\/uploads\/2023\/04\/unnamed-file-1.jpg 512w, https:\/\/xn--katuseplekitd-tmba.ee\/wp-content\/uploads\/2023\/04\/unnamed-file-1-300x205.jpg 300w\" sizes=\"auto, (max-width: 512px) 100vw, 512px\" \/><\/figure>\n<\/div>\n\n\n\n<div class=\"wp-block-column is-vertically-aligned-center is-layout-flow wp-block-column-is-layout-flow\" style=\"flex-basis:50%\">\n<div style=\"height:20px\" aria-hidden=\"true\" class=\"wp-block-spacer\"><\/div>\n\n\n\n<h2 class=\"wp-block-heading has-text-align-left has-neve-text-color-color has-text-color\">Aknaplekid<\/h2>\n\n\n\n<p class=\"has-text-align-left has-neve-text-color-color has-text-color\" style=\"font-size:17px\">Paigaldame aknaplekke ning teeme sellega seonduvaid plekit\u00f6id.<\/p>\n\n\n\n<div class=\"wp-block-buttons is-content-justification-left is-layout-flex wp-container-core-buttons-is-layout-fdcfc74e wp-block-buttons-is-layout-flex\">\n<div class=\"wp-block-button is-style-primary\"><a class=\"wp-block-button__link wp-element-button\" href=\"https:\/\/xn--katuseplekitd-tmba.ee\/?page_id=43\">TEENUSED<\/a><\/div>\n<\/div>\n<\/div>\n<\/div>\n\n\n\n<div style=\"height:40px\" aria-hidden=\"true\" class=\"wp-block-spacer\"><\/div>\n<\/div><\/div>\n<\/div><\/div>\n\n\n\n<div class=\"wp-block-cover alignfull\" style=\"min-height:600px;aspect-ratio:unset;\"><span aria-hidden=\"true\" class=\"wp-block-cover__background has-nv-site-bg-background-color has-background-dim-100 has-background-dim\"><\/span><div class=\"wp-block-cover__inner-container is-layout-flow wp-block-cover-is-layout-flow\">\n<div class=\"wp-block-group\"><div class=\"wp-block-group__inner-container is-layout-flow wp-block-group-is-layout-flow\">\n<div style=\"height:80px\" aria-hidden=\"true\" class=\"wp-block-spacer\"><\/div>\n\n\n\n<div class=\"wp-block-columns are-vertically-aligned-center is-layout-flex wp-container-core-columns-is-layout-9d6595d7 wp-block-columns-is-layout-flex\">\n<div class=\"wp-block-column is-vertically-aligned-center is-layout-flow wp-block-column-is-layout-flow\" style=\"flex-basis:50%\">\n<h2 class=\"wp-block-heading has-text-align-left has-neve-text-color-color has-text-color\">Vihmavees\u00fcsteemid<\/h2>\n\n\n\n<p class=\"has-text-align-left has-neve-text-color-color has-text-color\" style=\"font-size:17px\">Vihmavees\u00fcsteemide abil juhitakse vihma vesi m\u00f6\u00f6da vihmaveetorusi katuselt alla. Peamised osad on horisontaalne veerenn ning allajuhitavad veetorud. Meie firma paigaldab vihmavees\u00fcsteeme.<\/p>\n\n\n\n<div class=\"wp-block-buttons is-content-justification-left is-layout-flex wp-container-core-buttons-is-layout-fdcfc74e wp-block-buttons-is-layout-flex\">\n<div class=\"wp-block-button is-style-primary\"><a class=\"wp-block-button__link wp-element-button\" href=\"https:\/\/xn--katuseplekitd-tmba.ee\/?page_id=43\">TEENUSED<\/a><\/div>\n<\/div>\n\n\n\n<div style=\"height:40px\" aria-hidden=\"true\" class=\"wp-block-spacer\"><\/div>\n<\/div>\n\n\n\n<div class=\"wp-block-column is-vertically-aligned-center is-layout-flow wp-block-column-is-layout-flow\" style=\"flex-basis:50%\">\n<figure class=\"wp-block-image size-full\"><img loading=\"lazy\" decoding=\"async\" width=\"640\" height=\"407\" src=\"https:\/\/test.xn--katuseplekitd-tmba.ee\/wp-content\/uploads\/2023\/04\/gutter.jpg\" alt=\"\" class=\"wp-image-36\" srcset=\"https:\/\/xn--katuseplekitd-tmba.ee\/wp-content\/uploads\/2023\/04\/gutter.jpg 640w, https:\/\/xn--katuseplekitd-tmba.ee\/wp-content\/uploads\/2023\/04\/gutter-300x191.jpg 300w\" sizes=\"auto, (max-width: 640px) 100vw, 640px\" \/><\/figure>\n<\/div>\n<\/div>\n\n\n\n<div style=\"height:40px\" aria-hidden=\"true\" class=\"wp-block-spacer\"><\/div>\n<\/div><\/div>\n<\/div><\/div>\n\n\n\n<div class=\"wp-block-cover alignfull\" style=\"min-height:300px;aspect-ratio:unset;\"><span aria-hidden=\"true\" class=\"wp-block-cover__background has-nv-light-bg-background-color has-background-dim-100 has-background-dim\"><\/span><div class=\"wp-block-cover__inner-container is-layout-flow wp-block-cover-is-layout-flow\">\n<div style=\"height:140px\" aria-hidden=\"true\" class=\"wp-block-spacer\"><\/div>\n\n\n\n<h2 class=\"wp-block-heading has-text-align-center has-nv-dark-bg-color has-text-color\">K\u00fcsi meilt pakkumist!<\/h2>\n\n\n\n<p class=\"has-text-align-center has-nv-dark-bg-color has-text-color has-medium-font-size\">Meie kontaktid leiad kontakti lehelt<\/p>\n\n\n\n<div class=\"wp-block-buttons is-content-justification-center is-layout-flex wp-container-core-buttons-is-layout-16018d1d wp-block-buttons-is-layout-flex\">\n<div class=\"wp-block-button is-style-primary\"><a class=\"wp-block-button__link wp-element-button\" href=\"https:\/\/xn--katuseplekitd-tmba.ee\/?page_id=8\">KONTAKT<\/a><\/div>\n<\/div>\n\n\n\n<div style=\"height:140px\" aria-hidden=\"true\" class=\"wp-block-spacer\"><\/div>\n<\/div><\/div>\n","protected":false},"excerpt":{"rendered":"","protected":false},"author":1,"featured_media":0,"parent":0,"menu_order":0,"comment_status":"closed","ping_status":"closed","template":"","meta":{"neve_meta_sidebar":"","neve_meta_container":"","neve_meta_enable_content_width":"on","neve_meta_content_width":100,"neve_meta_title_alignment":"","neve_meta_author_avatar":"","neve_post_elements_order":"","neve_meta_disable_header":"","neve_meta_disable_footer":"","neve_meta_disable_title":"on","footnotes":""},"class_list":["post-6","page","type-page","status-publish","hentry"],"_links":{"self":[{"href":"https:\/\/xn--katuseplekitd-tmba.ee\/index.php?rest_route=\/wp\/v2\/pages\/6","targetHints":{"allow":["GET"]}}],"collection":[{"href":"https:\/\/xn--katuseplekitd-tmba.ee\/index.php?rest_route=\/wp\/v2\/pages"}],"about":[{"href":"https:\/\/xn--katuseplekitd-tmba.ee\/index.php?rest_route=\/wp\/v2\/types\/page"}],"author":[{"embeddable":true,"href":"https:\/\/xn--katuseplekitd-tmba.ee\/index.php?rest_route=\/wp\/v2\/users\/1"}],"replies":[{"embeddable":true,"href":"https:\/\/xn--katuseplekitd-tmba.ee\/index.php?rest_route=%2Fwp%2Fv2%2Fcomments&post=6"}],"version-history":[{"count":13,"href":"https:\/\/xn--katuseplekitd-tmba.ee\/index.php?rest_route=\/wp\/v2\/pages\/6\/revisions"}],"predecessor-version":[{"id":78,"href":"https:\/\/xn--katuseplekitd-tmba.ee\/index.php?rest_route=\/wp\/v2\/pages\/6\/revisions\/78"}],"wp:attachment":[{"href":"https:\/\/xn--katuseplekitd-tmba.ee\/index.php?rest_route=%2Fwp%2Fv2%2Fmedia&parent=6"}],"curies":[{"name":"wp","href":"https:\/\/api.w.org\/{rel}","templated":true}]}}