{"id":43,"date":"2023-04-26T16:00:50","date_gmt":"2023-04-26T16:00:50","guid":{"rendered":"https:\/\/test.xn--katuseplekitd-tmba.ee\/?page_id=43"},"modified":"2023-04-26T16:31:54","modified_gmt":"2023-04-26T16:31:54","slug":"teenused","status":"publish","type":"page","link":"https:\/\/xn--katuseplekitd-tmba.ee\/?page_id=43","title":{"rendered":"Teenused"},"content":{"rendered":"\n<div class=\"wp-block-cover aligncenter\" style=\"min-height:600px;aspect-ratio:unset;\"><span aria-hidden=\"true\" class=\"wp-block-cover__background has-nv-light-bg-background-color has-background-dim-100 has-background-dim\"><\/span><div class=\"wp-block-cover__inner-container is-layout-flow wp-block-cover-is-layout-flow\">\n<div class=\"wp-block-group\"><div class=\"wp-block-group__inner-container is-layout-flow wp-block-group-is-layout-flow\">\n<div style=\"height:80px\" aria-hidden=\"true\" class=\"wp-block-spacer\"><\/div>\n\n\n\n<div class=\"wp-block-columns are-vertically-aligned-center is-layout-flex wp-container-core-columns-is-layout-9d6595d7 wp-block-columns-is-layout-flex\">\n<div class=\"wp-block-column is-vertically-aligned-center is-layout-flow wp-block-column-is-layout-flow\" style=\"flex-basis:50%\">\n<figure class=\"wp-block-image size-full\"><img loading=\"lazy\" decoding=\"async\" width=\"512\" height=\"350\" src=\"https:\/\/test.xn--katuseplekitd-tmba.ee\/wp-content\/uploads\/2023\/04\/unnamed-file-1.jpg\" alt=\"\" class=\"wp-image-60\" srcset=\"https:\/\/xn--katuseplekitd-tmba.ee\/wp-content\/uploads\/2023\/04\/unnamed-file-1.jpg 512w, https:\/\/xn--katuseplekitd-tmba.ee\/wp-content\/uploads\/2023\/04\/unnamed-file-1-300x205.jpg 300w\" sizes=\"auto, (max-width: 512px) 100vw, 512px\" \/><\/figure>\n<\/div>\n\n\n\n<div class=\"wp-block-column is-vertically-aligned-center is-layout-flow wp-block-column-is-layout-flow\" style=\"flex-basis:50%\">\n<div style=\"height:20px\" aria-hidden=\"true\" class=\"wp-block-spacer\"><\/div>\n\n\n\n<h2 class=\"wp-block-heading has-text-align-left has-neve-text-color-color has-text-color\">Aknaplekid<\/h2>\n\n\n\n<p class=\"has-text-align-left has-neve-text-color-color has-text-color\" style=\"font-size:17px\">Paigaldame aknaplekke ning teeme sellega seonduvaid plekit\u00f6id.<\/p>\n<\/div>\n<\/div>\n\n\n\n<div style=\"height:40px\" aria-hidden=\"true\" class=\"wp-block-spacer\"><\/div>\n<\/div><\/div>\n<\/div><\/div>\n\n\n\n<div class=\"wp-block-cover aligncenter\" style=\"min-height:600px;aspect-ratio:unset;\"><span aria-hidden=\"true\" class=\"wp-block-cover__background has-nv-site-bg-background-color has-background-dim-100 has-background-dim\"><\/span><div class=\"wp-block-cover__inner-container is-layout-flow wp-block-cover-is-layout-flow\">\n<div class=\"wp-block-group\"><div class=\"wp-block-group__inner-container is-layout-flow wp-block-group-is-layout-flow\">\n<div style=\"height:80px\" aria-hidden=\"true\" class=\"wp-block-spacer\"><\/div>\n\n\n\n<div class=\"wp-block-columns are-vertically-aligned-center is-layout-flex wp-container-core-columns-is-layout-9d6595d7 wp-block-columns-is-layout-flex\">\n<div class=\"wp-block-column is-vertically-aligned-center is-layout-flow wp-block-column-is-layout-flow\" style=\"flex-basis:50%\">\n<h2 class=\"wp-block-heading has-text-align-left has-neve-text-color-color has-text-color\">Vihmavees\u00fcsteemid<\/h2>\n\n\n\n<p class=\"has-text-align-left has-neve-text-color-color has-text-color\" style=\"font-size:17px\">Vihmavees\u00fcsteemide abil juhitakse vihma vesi m\u00f6\u00f6da vihmaveetorusi katuselt alla. Peamised osad on horisontaalne veerenn ning allajuhitavad veetorud. Meie firma paigaldab vihmavees\u00fcsteeme.<\/p>\n\n\n\n<div style=\"height:40px\" aria-hidden=\"true\" class=\"wp-block-spacer\"><\/div>\n<\/div>\n\n\n\n<div class=\"wp-block-column is-vertically-aligned-center is-layout-flow wp-block-column-is-layout-flow\" style=\"flex-basis:50%\">\n<figure class=\"wp-block-image size-full\"><img loading=\"lazy\" decoding=\"async\" width=\"640\" height=\"407\" src=\"https:\/\/test.xn--katuseplekitd-tmba.ee\/wp-content\/uploads\/2023\/04\/gutter.jpg\" alt=\"\" class=\"wp-image-36\" srcset=\"https:\/\/xn--katuseplekitd-tmba.ee\/wp-content\/uploads\/2023\/04\/gutter.jpg 640w, https:\/\/xn--katuseplekitd-tmba.ee\/wp-content\/uploads\/2023\/04\/gutter-300x191.jpg 300w\" sizes=\"auto, (max-width: 640px) 100vw, 640px\" \/><\/figure>\n<\/div>\n<\/div>\n\n\n\n<div style=\"height:40px\" aria-hidden=\"true\" class=\"wp-block-spacer\"><\/div>\n<\/div><\/div>\n<\/div><\/div>\n","protected":false},"excerpt":{"rendered":"","protected":false},"author":1,"featured_media":0,"parent":0,"menu_order":0,"comment_status":"closed","ping_status":"closed","template":"","meta":{"neve_meta_sidebar":"","neve_meta_container":"","neve_meta_enable_content_width":"","neve_meta_content_width":0,"neve_meta_title_alignment":"","neve_meta_author_avatar":"","neve_post_elements_order":"","neve_meta_disable_header":"","neve_meta_disable_footer":"","neve_meta_disable_title":"","footnotes":""},"class_list":["post-43","page","type-page","status-publish","hentry"],"_links":{"self":[{"href":"https:\/\/xn--katuseplekitd-tmba.ee\/index.php?rest_route=\/wp\/v2\/pages\/43","targetHints":{"allow":["GET"]}}],"collection":[{"href":"https:\/\/xn--katuseplekitd-tmba.ee\/index.php?rest_route=\/wp\/v2\/pages"}],"about":[{"href":"https:\/\/xn--katuseplekitd-tmba.ee\/index.php?rest_route=\/wp\/v2\/types\/page"}],"author":[{"embeddable":true,"href":"https:\/\/xn--katuseplekitd-tmba.ee\/index.php?rest_route=\/wp\/v2\/users\/1"}],"replies":[{"embeddable":true,"href":"https:\/\/xn--katuseplekitd-tmba.ee\/index.php?rest_route=%2Fwp%2Fv2%2Fcomments&post=43"}],"version-history":[{"count":3,"href":"https:\/\/xn--katuseplekitd-tmba.ee\/index.php?rest_route=\/wp\/v2\/pages\/43\/revisions"}],"predecessor-version":[{"id":67,"href":"https:\/\/xn--katuseplekitd-tmba.ee\/index.php?rest_route=\/wp\/v2\/pages\/43\/revisions\/67"}],"wp:attachment":[{"href":"https:\/\/xn--katuseplekitd-tmba.ee\/index.php?rest_route=%2Fwp%2Fv2%2Fmedia&parent=43"}],"curies":[{"name":"wp","href":"https:\/\/api.w.org\/{rel}","templated":true}]}}